{"id":1527,"date":"2021-04-23T12:26:24","date_gmt":"2021-04-23T11:26:24","guid":{"rendered":"https:\/\/arancahealthy.com\/?page_id=1527"},"modified":"2022-05-20T10:20:42","modified_gmt":"2022-05-20T09:20:42","slug":"origen","status":"publish","type":"page","link":"https:\/\/arancahealthy.com\/ca\/productes\/llegums\/origen\/","title":{"rendered":"d&#8217;Origen"},"content":{"rendered":"<p>La nostra gamma de llegums d&#8217;origen compta amb productes de proximitat i amb la DOP que identifica el seu origen.<\/p>\n<p>Les Mongetes de Santa Pau estan considerades un producte d&#8217;alt valor gastron\u00f2mic, sent l&#8217;ingredient principal d&#8217;una gran quantitat de receptes. Cultivades pels nostres productors a les terres volc\u00e0niques de la Garrotxa, tenen un sabor molt suau i una textura especialment cremosa i compten amb la DOP que identifica el seu origen.<\/p>\n<p>El Cigr\u00f3 de l&#8217;Alta Anoia \u00e9s una especialitat local de qualitats gastron\u00f2miques excepcionals. \u00c9s un cigr\u00f3 petit, de superf\u00edcie molt llisa, que augmenta fins a tres vegades el seu volum durant la cocci\u00f3. El seu gust \u00e9s molt intens i delicat.<\/p>\n<p>Les Mongetes de l&#8217;Ganxet s\u00f3n \u00faniques al m\u00f3n perqu\u00e8 es cultiven \u00fanicament en una petita zona de Catalunya, en el cas dels nostres productors a la comarca de l&#8217;Maresme. Conegudes per tots, el seu sabor \u00e9s suau, crem\u00f3s, fi i persistent i compten amb la DOP que identifica el seu origen.<\/p>\n<p>La llentia de la Segarra \u00e9s una varietat de territori que es caracteriza per tenir una textura fina y delicada, que una vegada cuita es mant\u00e9 ferma. A m\u00e9s, no perd la pell i \u00e9s baixa en calories.<\/p>\n<p>El millor acompanyament de qualitat per a plats tradicionals.<\/p>\n","protected":false},"excerpt":{"rendered":"<p>Descobreix la nostra gamma de llegums d&#8217;origen<\/p>\n","protected":false},"author":1,"featured_media":1059,"parent":632,"menu_order":0,"comment_status":"closed","ping_status":"closed","template":"page-legumbres-origen.php","meta":{"sfsi_plus_gutenberg_text_before_share":"","sfsi_plus_gutenberg_show_text_before_share":"","sfsi_plus_gutenberg_icon_type":"","sfsi_plus_gutenberg_icon_alignemt":"","sfsi_plus_gutenburg_max_per_row":"","footnotes":""},"class_list":["post-1527","page","type-page","status-publish","has-post-thumbnail","hentry"],"yoast_head":"<!-- This site is optimized with the Yoast SEO plugin v26.6 - https:\/\/yoast.com\/wordpress\/plugins\/seo\/ -->\n<title>d&#039;Origen - Aranca Healthy<\/title>\n<meta name=\"robots\" content=\"index, follow, max-snippet:-1, max-image-preview:large, max-video-preview:-1\" \/>\n<link rel=\"canonical\" href=\"https:\/\/arancahealthy.com\/ca\/productes\/llegums\/origen\/\" \/>\n<meta property=\"og:locale\" content=\"ca_ES\" \/>\n<meta property=\"og:type\" content=\"article\" \/>\n<meta property=\"og:title\" content=\"d&#039;Origen - Aranca Healthy\" \/>\n<meta property=\"og:description\" content=\"Descobreix la nostra gamma de llegums d&#039;origen\" \/>\n<meta property=\"og:url\" content=\"https:\/\/arancahealthy.com\/ca\/productes\/llegums\/origen\/\" \/>\n<meta property=\"og:site_name\" content=\"Aranca Healthy\" \/>\n<meta property=\"article:modified_time\" content=\"2022-05-20T09:20:42+00:00\" \/>\n<meta name=\"twitter:card\" content=\"summary_large_image\" \/>\n<meta name=\"twitter:label1\" content=\"Temps estimat de lectura\" \/>\n\t<meta name=\"twitter:data1\" content=\"1 minut\" \/>\n<script type=\"application\/ld+json\" class=\"yoast-schema-graph\">{\"@context\":\"https:\/\/schema.org\",\"@graph\":[{\"@type\":\"WebPage\",\"@id\":\"https:\/\/arancahealthy.com\/ca\/productes\/llegums\/origen\/\",\"url\":\"https:\/\/arancahealthy.com\/ca\/productes\/llegums\/origen\/\",\"name\":\"d'Origen - Aranca Healthy\",\"isPartOf\":{\"@id\":\"https:\/\/arancahealthy.com\/ca\/#website\"},\"primaryImageOfPage\":{\"@id\":\"https:\/\/arancahealthy.com\/ca\/productes\/llegums\/origen\/#primaryimage\"},\"image\":{\"@id\":\"https:\/\/arancahealthy.com\/ca\/productes\/llegums\/origen\/#primaryimage\"},\"thumbnailUrl\":\"https:\/\/arancahealthy.com\/wp-content\/uploads\/2021\/01\/Nuestros-cultivos-sostenibles-1.jpg\",\"datePublished\":\"2021-04-23T11:26:24+00:00\",\"dateModified\":\"2022-05-20T09:20:42+00:00\",\"breadcrumb\":{\"@id\":\"https:\/\/arancahealthy.com\/ca\/productes\/llegums\/origen\/#breadcrumb\"},\"inLanguage\":\"ca\",\"potentialAction\":[{\"@type\":\"ReadAction\",\"target\":[\"https:\/\/arancahealthy.com\/ca\/productes\/llegums\/origen\/\"]}]},{\"@type\":\"ImageObject\",\"inLanguage\":\"ca\",\"@id\":\"https:\/\/arancahealthy.com\/ca\/productes\/llegums\/origen\/#primaryimage\",\"url\":\"https:\/\/arancahealthy.com\/wp-content\/uploads\/2021\/01\/Nuestros-cultivos-sostenibles-1.jpg\",\"contentUrl\":\"https:\/\/arancahealthy.com\/wp-content\/uploads\/2021\/01\/Nuestros-cultivos-sostenibles-1.jpg\",\"width\":1183,\"height\":783,\"caption\":\"Nuestros cultivos sostenibles\"},{\"@type\":\"BreadcrumbList\",\"@id\":\"https:\/\/arancahealthy.com\/ca\/productes\/llegums\/origen\/#breadcrumb\",\"itemListElement\":[{\"@type\":\"ListItem\",\"position\":1,\"name\":\"Portada\",\"item\":\"https:\/\/arancahealthy.com\/ca\/\"},{\"@type\":\"ListItem\",\"position\":2,\"name\":\"Productes\",\"item\":\"https:\/\/arancahealthy.com\/ca\/productes\/\"},{\"@type\":\"ListItem\",\"position\":3,\"name\":\"Els nostres llegums\",\"item\":\"https:\/\/arancahealthy.com\/ca\/productes\/llegums\/\"},{\"@type\":\"ListItem\",\"position\":4,\"name\":\"d&#8217;Origen\"}]},{\"@type\":\"WebSite\",\"@id\":\"https:\/\/arancahealthy.com\/ca\/#website\",\"url\":\"https:\/\/arancahealthy.com\/ca\/\",\"name\":\"Aranca Healthy\",\"description\":\"\",\"publisher\":{\"@id\":\"https:\/\/arancahealthy.com\/ca\/#organization\"},\"potentialAction\":[{\"@type\":\"SearchAction\",\"target\":{\"@type\":\"EntryPoint\",\"urlTemplate\":\"https:\/\/arancahealthy.com\/ca\/?s={search_term_string}\"},\"query-input\":{\"@type\":\"PropertyValueSpecification\",\"valueRequired\":true,\"valueName\":\"search_term_string\"}}],\"inLanguage\":\"ca\"},{\"@type\":\"Organization\",\"@id\":\"https:\/\/arancahealthy.com\/ca\/#organization\",\"name\":\"Aranca Healthy\",\"url\":\"https:\/\/arancahealthy.com\/ca\/\",\"logo\":{\"@type\":\"ImageObject\",\"inLanguage\":\"ca\",\"@id\":\"https:\/\/arancahealthy.com\/ca\/#\/schema\/logo\/image\/\",\"url\":\"https:\/\/arancahealthy.com\/wp-content\/uploads\/2021\/01\/logo.png\",\"contentUrl\":\"https:\/\/arancahealthy.com\/wp-content\/uploads\/2021\/01\/logo.png\",\"width\":196,\"height\":92,\"caption\":\"Aranca Healthy\"},\"image\":{\"@id\":\"https:\/\/arancahealthy.com\/ca\/#\/schema\/logo\/image\/\"}}]}<\/script>\n<!-- \/ Yoast SEO plugin. -->","yoast_head_json":{"title":"d'Origen - Aranca Healthy","robots":{"index":"index","follow":"follow","max-snippet":"max-snippet:-1","max-image-preview":"max-image-preview:large","max-video-preview":"max-video-preview:-1"},"canonical":"https:\/\/arancahealthy.com\/ca\/productes\/llegums\/origen\/","og_locale":"ca_ES","og_type":"article","og_title":"d'Origen - Aranca Healthy","og_description":"Descobreix la nostra gamma de llegums d'origen","og_url":"https:\/\/arancahealthy.com\/ca\/productes\/llegums\/origen\/","og_site_name":"Aranca Healthy","article_modified_time":"2022-05-20T09:20:42+00:00","twitter_card":"summary_large_image","twitter_misc":{"Temps estimat de lectura":"1 minut"},"schema":{"@context":"https:\/\/schema.org","@graph":[{"@type":"WebPage","@id":"https:\/\/arancahealthy.com\/ca\/productes\/llegums\/origen\/","url":"https:\/\/arancahealthy.com\/ca\/productes\/llegums\/origen\/","name":"d'Origen - Aranca Healthy","isPartOf":{"@id":"https:\/\/arancahealthy.com\/ca\/#website"},"primaryImageOfPage":{"@id":"https:\/\/arancahealthy.com\/ca\/productes\/llegums\/origen\/#primaryimage"},"image":{"@id":"https:\/\/arancahealthy.com\/ca\/productes\/llegums\/origen\/#primaryimage"},"thumbnailUrl":"https:\/\/arancahealthy.com\/wp-content\/uploads\/2021\/01\/Nuestros-cultivos-sostenibles-1.jpg","datePublished":"2021-04-23T11:26:24+00:00","dateModified":"2022-05-20T09:20:42+00:00","breadcrumb":{"@id":"https:\/\/arancahealthy.com\/ca\/productes\/llegums\/origen\/#breadcrumb"},"inLanguage":"ca","potentialAction":[{"@type":"ReadAction","target":["https:\/\/arancahealthy.com\/ca\/productes\/llegums\/origen\/"]}]},{"@type":"ImageObject","inLanguage":"ca","@id":"https:\/\/arancahealthy.com\/ca\/productes\/llegums\/origen\/#primaryimage","url":"https:\/\/arancahealthy.com\/wp-content\/uploads\/2021\/01\/Nuestros-cultivos-sostenibles-1.jpg","contentUrl":"https:\/\/arancahealthy.com\/wp-content\/uploads\/2021\/01\/Nuestros-cultivos-sostenibles-1.jpg","width":1183,"height":783,"caption":"Nuestros cultivos sostenibles"},{"@type":"BreadcrumbList","@id":"https:\/\/arancahealthy.com\/ca\/productes\/llegums\/origen\/#breadcrumb","itemListElement":[{"@type":"ListItem","position":1,"name":"Portada","item":"https:\/\/arancahealthy.com\/ca\/"},{"@type":"ListItem","position":2,"name":"Productes","item":"https:\/\/arancahealthy.com\/ca\/productes\/"},{"@type":"ListItem","position":3,"name":"Els nostres llegums","item":"https:\/\/arancahealthy.com\/ca\/productes\/llegums\/"},{"@type":"ListItem","position":4,"name":"d&#8217;Origen"}]},{"@type":"WebSite","@id":"https:\/\/arancahealthy.com\/ca\/#website","url":"https:\/\/arancahealthy.com\/ca\/","name":"Aranca Healthy","description":"","publisher":{"@id":"https:\/\/arancahealthy.com\/ca\/#organization"},"potentialAction":[{"@type":"SearchAction","target":{"@type":"EntryPoint","urlTemplate":"https:\/\/arancahealthy.com\/ca\/?s={search_term_string}"},"query-input":{"@type":"PropertyValueSpecification","valueRequired":true,"valueName":"search_term_string"}}],"inLanguage":"ca"},{"@type":"Organization","@id":"https:\/\/arancahealthy.com\/ca\/#organization","name":"Aranca Healthy","url":"https:\/\/arancahealthy.com\/ca\/","logo":{"@type":"ImageObject","inLanguage":"ca","@id":"https:\/\/arancahealthy.com\/ca\/#\/schema\/logo\/image\/","url":"https:\/\/arancahealthy.com\/wp-content\/uploads\/2021\/01\/logo.png","contentUrl":"https:\/\/arancahealthy.com\/wp-content\/uploads\/2021\/01\/logo.png","width":196,"height":92,"caption":"Aranca Healthy"},"image":{"@id":"https:\/\/arancahealthy.com\/ca\/#\/schema\/logo\/image\/"}}]}},"_links":{"self":[{"href":"https:\/\/arancahealthy.com\/ca\/wp-json\/wp\/v2\/pages\/1527","targetHints":{"allow":["GET"]}}],"collection":[{"href":"https:\/\/arancahealthy.com\/ca\/wp-json\/wp\/v2\/pages"}],"about":[{"href":"https:\/\/arancahealthy.com\/ca\/wp-json\/wp\/v2\/types\/page"}],"author":[{"embeddable":true,"href":"https:\/\/arancahealthy.com\/ca\/wp-json\/wp\/v2\/users\/1"}],"replies":[{"embeddable":true,"href":"https:\/\/arancahealthy.com\/ca\/wp-json\/wp\/v2\/comments?post=1527"}],"version-history":[{"count":8,"href":"https:\/\/arancahealthy.com\/ca\/wp-json\/wp\/v2\/pages\/1527\/revisions"}],"predecessor-version":[{"id":2165,"href":"https:\/\/arancahealthy.com\/ca\/wp-json\/wp\/v2\/pages\/1527\/revisions\/2165"}],"up":[{"embeddable":true,"href":"https:\/\/arancahealthy.com\/ca\/wp-json\/wp\/v2\/pages\/632"}],"wp:featuredmedia":[{"embeddable":true,"href":"https:\/\/arancahealthy.com\/ca\/wp-json\/wp\/v2\/media\/1059"}],"wp:attachment":[{"href":"https:\/\/arancahealthy.com\/ca\/wp-json\/wp\/v2\/media?parent=1527"}],"curies":[{"name":"wp","href":"https:\/\/api.w.org\/{rel}","templated":true}]}}