{"id":2909,"date":"2025-10-02T04:22:52","date_gmt":"2025-10-02T03:22:52","guid":{"rendered":"https:\/\/arancahealthy.com\/productes\/aceites-aromatizados\/"},"modified":"2025-10-02T04:45:42","modified_gmt":"2025-10-02T03:45:42","slug":"olis-aromatitzats","status":"publish","type":"page","link":"https:\/\/arancahealthy.com\/ca\/productes\/olis-aromatitzats\/","title":{"rendered":"Els nostres olis aromatitzats"},"content":{"rendered":"<p>Descobreix una nova dimensi\u00f3 de sabor amb els olis aromatitzats d&#8217;ARANCA. Desperta els teus sentits i transforma cada plat en una experi\u00e8ncia culin\u00e0ria \u00fanica. Els nostres olis aromatitzats, infusionats amb ingredients acuradament seleccionats, s\u00f3n la clau per real\u00e7ar cada mos. Nom\u00e9s unes gotes en tenen prou per afegir un toc de distinci\u00f3 i profunditat a les teves creacions, combinant a la perfecci\u00f3 la comoditat amb la m\u00e0xima qualitat.<\/p>\n","protected":false},"excerpt":{"rendered":"<p>Descobreix tota la nostra gamma d&#8217;olis aromatitzats<\/p>\n","protected":false},"author":1,"featured_media":3001,"parent":630,"menu_order":6,"comment_status":"closed","ping_status":"closed","template":"page-aceites.php","meta":{"sfsi_plus_gutenberg_text_before_share":"","sfsi_plus_gutenberg_show_text_before_share":"","sfsi_plus_gutenberg_icon_type":"","sfsi_plus_gutenberg_icon_alignemt":"","sfsi_plus_gutenburg_max_per_row":"","footnotes":""},"class_list":["post-2909","page","type-page","status-publish","has-post-thumbnail","hentry"],"yoast_head":"<!-- This site is optimized with the Yoast SEO plugin v26.6 - https:\/\/yoast.com\/wordpress\/plugins\/seo\/ -->\n<title>Els nostres olis aromatitzats - Aranca Healthy<\/title>\n<meta name=\"description\" content=\"Las legumbres Aranca son una fuente natural de prote\u00ednas, hidratos de carbono y vitamina B, ideales para una dieta saludable y rica en nutrientes.\" \/>\n<meta name=\"robots\" content=\"index, follow, max-snippet:-1, max-image-preview:large, max-video-preview:-1\" \/>\n<link rel=\"canonical\" href=\"https:\/\/arancahealthy.com\/ca\/productes\/olis-aromatitzats\/\" \/>\n<meta property=\"og:locale\" content=\"ca_ES\" \/>\n<meta property=\"og:type\" content=\"article\" \/>\n<meta property=\"og:title\" content=\"Els nostres olis aromatitzats - Aranca Healthy\" \/>\n<meta property=\"og:description\" content=\"Las legumbres Aranca son una fuente natural de prote\u00ednas, hidratos de carbono y vitamina B, ideales para una dieta saludable y rica en nutrientes.\" \/>\n<meta property=\"og:url\" content=\"https:\/\/arancahealthy.com\/ca\/productes\/olis-aromatitzats\/\" \/>\n<meta property=\"og:site_name\" content=\"Aranca Healthy\" \/>\n<meta property=\"article:modified_time\" content=\"2025-10-02T03:45:42+00:00\" \/>\n<meta name=\"twitter:card\" content=\"summary_large_image\" \/>\n<meta name=\"twitter:label1\" content=\"Temps estimat de lectura\" \/>\n\t<meta name=\"twitter:data1\" content=\"1 minut\" \/>\n<script type=\"application\/ld+json\" class=\"yoast-schema-graph\">{\"@context\":\"https:\/\/schema.org\",\"@graph\":[{\"@type\":\"WebPage\",\"@id\":\"https:\/\/arancahealthy.com\/ca\/productes\/olis-aromatitzats\/\",\"url\":\"https:\/\/arancahealthy.com\/ca\/productes\/olis-aromatitzats\/\",\"name\":\"Els nostres olis aromatitzats - Aranca Healthy\",\"isPartOf\":{\"@id\":\"https:\/\/arancahealthy.com\/ca\/#website\"},\"primaryImageOfPage\":{\"@id\":\"https:\/\/arancahealthy.com\/ca\/productes\/olis-aromatitzats\/#primaryimage\"},\"image\":{\"@id\":\"https:\/\/arancahealthy.com\/ca\/productes\/olis-aromatitzats\/#primaryimage\"},\"thumbnailUrl\":\"https:\/\/arancahealthy.com\/wp-content\/uploads\/2025\/10\/home_olis.png\",\"datePublished\":\"2025-10-02T03:22:52+00:00\",\"dateModified\":\"2025-10-02T03:45:42+00:00\",\"description\":\"Las legumbres Aranca son una fuente natural de prote\u00ednas, hidratos de carbono y vitamina B, ideales para una dieta saludable y rica en nutrientes.\",\"breadcrumb\":{\"@id\":\"https:\/\/arancahealthy.com\/ca\/productes\/olis-aromatitzats\/#breadcrumb\"},\"inLanguage\":\"ca\",\"potentialAction\":[{\"@type\":\"ReadAction\",\"target\":[\"https:\/\/arancahealthy.com\/ca\/productes\/olis-aromatitzats\/\"]}]},{\"@type\":\"ImageObject\",\"inLanguage\":\"ca\",\"@id\":\"https:\/\/arancahealthy.com\/ca\/productes\/olis-aromatitzats\/#primaryimage\",\"url\":\"https:\/\/arancahealthy.com\/wp-content\/uploads\/2025\/10\/home_olis.png\",\"contentUrl\":\"https:\/\/arancahealthy.com\/wp-content\/uploads\/2025\/10\/home_olis.png\",\"width\":1920,\"height\":1080},{\"@type\":\"BreadcrumbList\",\"@id\":\"https:\/\/arancahealthy.com\/ca\/productes\/olis-aromatitzats\/#breadcrumb\",\"itemListElement\":[{\"@type\":\"ListItem\",\"position\":1,\"name\":\"Portada\",\"item\":\"https:\/\/arancahealthy.com\/ca\/\"},{\"@type\":\"ListItem\",\"position\":2,\"name\":\"Productes\",\"item\":\"https:\/\/arancahealthy.com\/ca\/productes\/\"},{\"@type\":\"ListItem\",\"position\":3,\"name\":\"Els nostres olis aromatitzats\"}]},{\"@type\":\"WebSite\",\"@id\":\"https:\/\/arancahealthy.com\/ca\/#website\",\"url\":\"https:\/\/arancahealthy.com\/ca\/\",\"name\":\"Aranca Healthy\",\"description\":\"\",\"publisher\":{\"@id\":\"https:\/\/arancahealthy.com\/ca\/#organization\"},\"potentialAction\":[{\"@type\":\"SearchAction\",\"target\":{\"@type\":\"EntryPoint\",\"urlTemplate\":\"https:\/\/arancahealthy.com\/ca\/?s={search_term_string}\"},\"query-input\":{\"@type\":\"PropertyValueSpecification\",\"valueRequired\":true,\"valueName\":\"search_term_string\"}}],\"inLanguage\":\"ca\"},{\"@type\":\"Organization\",\"@id\":\"https:\/\/arancahealthy.com\/ca\/#organization\",\"name\":\"Aranca Healthy\",\"url\":\"https:\/\/arancahealthy.com\/ca\/\",\"logo\":{\"@type\":\"ImageObject\",\"inLanguage\":\"ca\",\"@id\":\"https:\/\/arancahealthy.com\/ca\/#\/schema\/logo\/image\/\",\"url\":\"https:\/\/arancahealthy.com\/wp-content\/uploads\/2021\/01\/logo.png\",\"contentUrl\":\"https:\/\/arancahealthy.com\/wp-content\/uploads\/2021\/01\/logo.png\",\"width\":196,\"height\":92,\"caption\":\"Aranca Healthy\"},\"image\":{\"@id\":\"https:\/\/arancahealthy.com\/ca\/#\/schema\/logo\/image\/\"}}]}<\/script>\n<!-- \/ Yoast SEO plugin. -->","yoast_head_json":{"title":"Els nostres olis aromatitzats - Aranca Healthy","description":"Las legumbres Aranca son una fuente natural de prote\u00ednas, hidratos de carbono y vitamina B, ideales para una dieta saludable y rica en nutrientes.","robots":{"index":"index","follow":"follow","max-snippet":"max-snippet:-1","max-image-preview":"max-image-preview:large","max-video-preview":"max-video-preview:-1"},"canonical":"https:\/\/arancahealthy.com\/ca\/productes\/olis-aromatitzats\/","og_locale":"ca_ES","og_type":"article","og_title":"Els nostres olis aromatitzats - Aranca Healthy","og_description":"Las legumbres Aranca son una fuente natural de prote\u00ednas, hidratos de carbono y vitamina B, ideales para una dieta saludable y rica en nutrientes.","og_url":"https:\/\/arancahealthy.com\/ca\/productes\/olis-aromatitzats\/","og_site_name":"Aranca Healthy","article_modified_time":"2025-10-02T03:45:42+00:00","twitter_card":"summary_large_image","twitter_misc":{"Temps estimat de lectura":"1 minut"},"schema":{"@context":"https:\/\/schema.org","@graph":[{"@type":"WebPage","@id":"https:\/\/arancahealthy.com\/ca\/productes\/olis-aromatitzats\/","url":"https:\/\/arancahealthy.com\/ca\/productes\/olis-aromatitzats\/","name":"Els nostres olis aromatitzats - Aranca Healthy","isPartOf":{"@id":"https:\/\/arancahealthy.com\/ca\/#website"},"primaryImageOfPage":{"@id":"https:\/\/arancahealthy.com\/ca\/productes\/olis-aromatitzats\/#primaryimage"},"image":{"@id":"https:\/\/arancahealthy.com\/ca\/productes\/olis-aromatitzats\/#primaryimage"},"thumbnailUrl":"https:\/\/arancahealthy.com\/wp-content\/uploads\/2025\/10\/home_olis.png","datePublished":"2025-10-02T03:22:52+00:00","dateModified":"2025-10-02T03:45:42+00:00","description":"Las legumbres Aranca son una fuente natural de prote\u00ednas, hidratos de carbono y vitamina B, ideales para una dieta saludable y rica en nutrientes.","breadcrumb":{"@id":"https:\/\/arancahealthy.com\/ca\/productes\/olis-aromatitzats\/#breadcrumb"},"inLanguage":"ca","potentialAction":[{"@type":"ReadAction","target":["https:\/\/arancahealthy.com\/ca\/productes\/olis-aromatitzats\/"]}]},{"@type":"ImageObject","inLanguage":"ca","@id":"https:\/\/arancahealthy.com\/ca\/productes\/olis-aromatitzats\/#primaryimage","url":"https:\/\/arancahealthy.com\/wp-content\/uploads\/2025\/10\/home_olis.png","contentUrl":"https:\/\/arancahealthy.com\/wp-content\/uploads\/2025\/10\/home_olis.png","width":1920,"height":1080},{"@type":"BreadcrumbList","@id":"https:\/\/arancahealthy.com\/ca\/productes\/olis-aromatitzats\/#breadcrumb","itemListElement":[{"@type":"ListItem","position":1,"name":"Portada","item":"https:\/\/arancahealthy.com\/ca\/"},{"@type":"ListItem","position":2,"name":"Productes","item":"https:\/\/arancahealthy.com\/ca\/productes\/"},{"@type":"ListItem","position":3,"name":"Els nostres olis aromatitzats"}]},{"@type":"WebSite","@id":"https:\/\/arancahealthy.com\/ca\/#website","url":"https:\/\/arancahealthy.com\/ca\/","name":"Aranca Healthy","description":"","publisher":{"@id":"https:\/\/arancahealthy.com\/ca\/#organization"},"potentialAction":[{"@type":"SearchAction","target":{"@type":"EntryPoint","urlTemplate":"https:\/\/arancahealthy.com\/ca\/?s={search_term_string}"},"query-input":{"@type":"PropertyValueSpecification","valueRequired":true,"valueName":"search_term_string"}}],"inLanguage":"ca"},{"@type":"Organization","@id":"https:\/\/arancahealthy.com\/ca\/#organization","name":"Aranca Healthy","url":"https:\/\/arancahealthy.com\/ca\/","logo":{"@type":"ImageObject","inLanguage":"ca","@id":"https:\/\/arancahealthy.com\/ca\/#\/schema\/logo\/image\/","url":"https:\/\/arancahealthy.com\/wp-content\/uploads\/2021\/01\/logo.png","contentUrl":"https:\/\/arancahealthy.com\/wp-content\/uploads\/2021\/01\/logo.png","width":196,"height":92,"caption":"Aranca Healthy"},"image":{"@id":"https:\/\/arancahealthy.com\/ca\/#\/schema\/logo\/image\/"}}]}},"_links":{"self":[{"href":"https:\/\/arancahealthy.com\/ca\/wp-json\/wp\/v2\/pages\/2909","targetHints":{"allow":["GET"]}}],"collection":[{"href":"https:\/\/arancahealthy.com\/ca\/wp-json\/wp\/v2\/pages"}],"about":[{"href":"https:\/\/arancahealthy.com\/ca\/wp-json\/wp\/v2\/types\/page"}],"author":[{"embeddable":true,"href":"https:\/\/arancahealthy.com\/ca\/wp-json\/wp\/v2\/users\/1"}],"replies":[{"embeddable":true,"href":"https:\/\/arancahealthy.com\/ca\/wp-json\/wp\/v2\/comments?post=2909"}],"version-history":[{"count":3,"href":"https:\/\/arancahealthy.com\/ca\/wp-json\/wp\/v2\/pages\/2909\/revisions"}],"predecessor-version":[{"id":2912,"href":"https:\/\/arancahealthy.com\/ca\/wp-json\/wp\/v2\/pages\/2909\/revisions\/2912"}],"up":[{"embeddable":true,"href":"https:\/\/arancahealthy.com\/ca\/wp-json\/wp\/v2\/pages\/630"}],"wp:featuredmedia":[{"embeddable":true,"href":"https:\/\/arancahealthy.com\/ca\/wp-json\/wp\/v2\/media\/3001"}],"wp:attachment":[{"href":"https:\/\/arancahealthy.com\/ca\/wp-json\/wp\/v2\/media?parent=2909"}],"curies":[{"name":"wp","href":"https:\/\/api.w.org\/{rel}","templated":true}]}}