{"id":650,"date":"2021-01-11T16:06:47","date_gmt":"2021-01-11T15:06:47","guid":{"rendered":"https:\/\/arancahealthy.com\/politica-de-privacidad\/"},"modified":"2021-02-25T13:37:48","modified_gmt":"2021-02-25T12:37:48","slug":"politica-de-privacitat","status":"publish","type":"page","link":"https:\/\/arancahealthy.com\/ca\/politica-de-privacitat\/","title":{"rendered":"Pol\u00edtica de privacitat"},"content":{"rendered":"<div class=\"entry\">\n<p><strong>Previo<\/strong><br \/>\n<strong>De conformidad con el Reglamento (UE) 2016\/679 del Parlamento Europeo y del Consejo de 27 de abril de 2016, relativo a la protecci\u00f3n de las personas f\u00edsicas en lo que respecta al tratamiento de datos personales, y normativa que lo desarrolla, en adelante RGPD, y <\/strong>como consecuencia de la navegaci\u00f3n y la cumplimentaci\u00f3n de los formularios de la web <a href=\"http:\/\/contecnow.com\/politica-de-privacidad\/\" target=\"_blank\" rel=\"noopener\">http:\/\/www.selfoods.com<\/a>, el usuario acepta que los datos personales por \u00e9l facilitados o que se faciliten en el futuro a trav\u00e9s de dichos servicios, sean objeto de tratamiento por parte de <strong>SELFOODS, S.A.U.<\/strong>, en su condici\u00f3n de Responsable del Tratamiento.<\/p>\n<p>Desde SELFOODS, S.A.U., de la misma manera que tenemos un firme compromiso por realizar la mejor distribuci\u00f3n especializada en productos delicatessen, tambi\u00e9n lo tenemos con la protecci\u00f3n de sus datos personales y con la toma de todas las precauciones de seguridad de sus datos. Asimismo, exigimos contractualmente que los terceros de confianza que puedan tratar sus datos personales hagan lo mismo.<\/p>\n<p>Siempre hacemos nuestro mejor esfuerzo para proteger sus datos personales y una vez que hemos recibido su informaci\u00f3n personal, utilizamos procedimientos estrictos y medidas de seguridad para tratar de evitar el acceso no autorizado.<\/p>\n<p>En virtud de las obligaciones establecidas por la Ley 34\/2002, de Servicios de la Sociedad de la informaci\u00f3n y Comercio Electr\u00f3nico:<\/p>\n<p>El prestador de servicios propietario de esta p\u00e1gina Web es <strong>SELFOODS, S.A.U. <\/strong>(en adelante SELFOODS), con C.I.F. A59747428 y con domicilio en Calle del Rebato s\/n \u2013 08739, Subirats, Barcelona. La direcci\u00f3n electr\u00f3nica de contacto es: <a href=\"mailto:selfoods@selfoods.com\"><u>selfoods@selfoods.com<\/u><\/a><\/p>\n<h4>1.- Identidad y direcci\u00f3n del Responsable del Tratamiento<\/h4>\n<p>El titular y responsable del tratamiento a efectos de las Leyes de Protecci\u00f3n de Datos aplicables y, en concreto, del Reglamento 2016\/679 Europeo de Protecci\u00f3n de Datos Personales (RGPD), es <strong>SELFOODS, S.A.U.<\/strong><strong>, <\/strong>con C.I.F. A59747428 y con domicilio en Calle del Rebato s\/n \u2013 08739, Subirats, Barcelona.<\/p>\n<h4>2.- Protecci\u00f3n de datos de car\u00e1cter personal de conformidad con la normativa aplicable<\/h4>\n<p><strong>SELFOODS<\/strong>, como responsable del presente Sitio Web y de conformidad con lo dispuesto por el RGPD y dem\u00e1s normativa aplicable en materia de protecci\u00f3n de datos personales y por la Ley 34\/2002, de 11 de julio, de Servicios de la Sociedad de la Informaci\u00f3n y de Comercio Electr\u00f3nico (LSSI-CE) ha puesto en pr\u00e1ctica aquellas pol\u00edticas, medios y procedimientos t\u00e9cnicos y organizativos para garantizar y proteger la confidencialidad, integridad y disponibilidad de sus datos de car\u00e1cter personal.<\/p>\n<h4>3.- Tratamiento de los datos y su confidencialidad<\/h4>\n<p><strong>SELFOODS<\/strong> le informar\u00e1 siempre sobre qu\u00e9 datos son de obligatoria cumplimentaci\u00f3n y necesarios para el cumplimiento de las finalidades que m\u00e1s adelante se detallan.<\/p>\n<p>Todos aquellos que intervengan en cualquier fase del tratamiento y\/o las entidades a quienes les hayan sido comunicadas -en su caso y en virtud de la correspondiente autorizaci\u00f3n conferida expresamente por Ud.- est\u00e1n obligadas a observar el secreto profesional y adoptar\u00e1n los niveles de protecci\u00f3n y las medidas t\u00e9cnicas y organizativas necesarias a su alcance que garanticen la seguridad de los datos de car\u00e1cter personal, evitando, en la medida de lo posible, accesos no autorizados, modificaciones il\u00edcitas, sustracciones y\/o la p\u00e9rdida de los datos y a fin de procurar el correspondiente nivel de seguridad de los tratamientos llevados a cabo por <strong>SELFOODS<\/strong> seg\u00fan la naturaleza y sensibilidad de los datos facilitados por Ud. a trav\u00e9s del presente Sitio Web.<\/p>\n<p>No obstante, se le advierte e informa que las medidas t\u00e9cnicas no son infalibles ni inexpugnables, motivo por el cual, <strong>SELFOODS<\/strong> no podr\u00e1 tenerse por responsable de tales pr\u00e1cticas ni de sus consecuencias, en especial, de la presencia de virus u otros elementos o bien de los da\u00f1os y perjuicios que puedan derivarse de la presencia de virus, a la conexi\u00f3n o a la descarga por Ud. de contenidos desde el Sitio Web que causen alteraciones en los sistemas inform\u00e1ticos (hardware y software).<\/p>\n<h4>4.- Datos personales<\/h4>\n<p>Hacen referencia a cualquier informaci\u00f3n o datos que pueda identificarle (por ejemplo, su nombre o apellidos) o indirectamente (por ejemplo, su documento nacional de identidad o D.N.I.). Los Datos Personales incluyen informaci\u00f3n tal como el correo electr\u00f3nico\/direcciones postales particulares\/tel\u00e9fono m\u00f3vil, contenido generado por el usuario, entre otros. Tambi\u00e9n podr\u00eda incluir identificadores num\u00e9ricos \u00fanicos como la direcci\u00f3n IP de su ordenador o la direcci\u00f3n MAC de su dispositivo m\u00f3vil, as\u00ed como tambi\u00e9n la informaci\u00f3n que obtenemos a trav\u00e9s de cookies.<\/p>\n<h4>5.- Recogida de datos personales y finalidades del tratamiento<\/h4>\n<p>Podemos recabar o recibir sus datos a trav\u00e9s de nuestro sitio web mediante el correspondiente formulario de contacto. Para ello, en algunos casos Ud. nos facilita directamente sus datos (cuando por ejemplo se pone en contacto con nosotros) y, en otros casos los recabamos nosotros (cuando por ejemplo usando cookies para analizar c\u00f3mo usa nuestro sitio web).<\/p>\n<p>Encontrar\u00e1 m\u00e1s detalle e informaci\u00f3n a trav\u00e9s de la siguiente tabla y sus correspondientes ep\u00edgrafes en los t\u00e9rminos del RGPD:<\/p>\n<p>&nbsp;<\/p>\n<table width=\"0\">\n<tbody>\n<tr>\n<td width=\"33%\">Ep\u00edgrafe<\/td>\n<td width=\"33%\">Informaci\u00f3n b\u00e1sica<\/td>\n<td width=\"33%\">Informaci\u00f3n adicional<\/td>\n<\/tr>\n<tr>\n<td width=\"33%\">Responsable del tratamiento<\/td>\n<td width=\"33%\">SELFOODS, S.A.U., titular del sitio web <u>http:\/\/www.selfoods.com<\/u><\/td>\n<td width=\"33%\">C.I.F. A59747428 y con domicilio en Calle del Rebato s\/n \u2013 08739, Subirats, Barcelona.<\/td>\n<\/tr>\n<tr>\n<td width=\"33%\">Finalidad del tratamiento y conservaci\u00f3n de los datos<\/td>\n<td width=\"33%\">Contactar con <strong>SELFOODS<\/strong> para realizar cualquier consulta sobre los servicios que prestamos.<\/p>\n<p>Prestaci\u00f3n a trav\u00e9s del sitio <u>http:\/\/www.selfoods.com<\/u>\u00a0\u00a0 la mejor distribuci\u00f3n.<\/td>\n<td width=\"33%\">El titular de los datos consiente expresamente a que el Responsable del Tratamiento realice las siguientes actividades y\/o acciones, salvo que indique lo contrario al contratar o solicitar informaci\u00f3n respecto a los servicios indicados en la anterior columna o a resultas de una revocaci\u00f3n posterior del consentimiento inicialmente otorgado:<\/td>\n<\/tr>\n<tr>\n<td width=\"33%\"><\/td>\n<td width=\"33%\"><\/td>\n<td width=\"33%\">(i) Responder a las consultas y peticiones que los usuarios plantean en el formulario que encontrar\u00e1n a trav\u00e9s del apartado \u201c<strong>CONTACTO\u201d<\/strong> de nuestro portal web,\u00a0 proporcionando de esta manera la distribuci\u00f3n m\u00e1s r\u00e1pida y eficiente de todos nuestros productos. Tambi\u00e9n pueden hacerlo telef\u00f3nicamente (Tel: +34 93 475 01 25) o si lo prefieres a trav\u00e9s de nuestro correo electr\u00f3nico (<a href=\"mailto:selfoods@selfoods.com\">selfoods@selfoods.com<\/a>)<\/p>\n<p>(ii) Utilizar fotograf\u00edas e im\u00e1genes exclusivamente destinadas a la promoci\u00f3n de los eventos realizados a trav\u00e9s de la p\u00e1gina web, siempre tras haber solicitado consentimiento expreso del\/los interesado\/s.<\/p>\n<p>Finalizada la relaci\u00f3n, los datos se conservar\u00e1n durante el periodo de tiempo que sea oportuno en atenci\u00f3n a cumplir con los plazos de prescripci\u00f3n de eventuales infracciones en materia de protecci\u00f3n de datos as\u00ed como, seg\u00fan los plazos de prescripci\u00f3n previstos en el resto de normativa que pueda resultar de aplicaci\u00f3n.<\/td>\n<\/tr>\n<tr>\n<td width=\"33%\">\u00a0 Base\u00a0\u00a0\u00a0\u00a0\u00a0\u00a0\u00a0\u00a0\u00a0\u00a0\u00a0\u00a0\u00a0\u00a0\u00a0 de<\/p>\n<p>legitimaci\u00f3n del tratamiento<\/td>\n<td width=\"198\">Proceder a la solicitud de informaci\u00f3n solicitada, consentimiento del interesado con la aceptaci\u00f3n de la pol\u00edtica de privacidad e inter\u00e9s leg\u00edtimo.<\/td>\n<td width=\"321\">El inter\u00e9s leg\u00edtimo servir\u00e1 de base para dar respuesta a sus consultas y proporcionar informaci\u00f3n requerida. As\u00ed como el consentimiento expreso en el caso de nuestras suscripciones a newsletter o ejecuci\u00f3n de un contrato en el caso de clientes nuestros.<\/td>\n<\/tr>\n<tr>\n<td width=\"33%\">Destinatarios<\/td>\n<td width=\"33%\">Le informamos que sus datos podr\u00e1n ser tratados por otras entidades (encargados de tratamiento) para el buen fin de la prestaci\u00f3n de los servicios de <strong>SELFOODS<\/strong>, as\u00ed como las diferentes empresas que forman el GRUPO SUMARROCA.<\/p>\n<p>&nbsp;<\/p>\n<p>La cesi\u00f3n a terceros de sus datos para otras finalidades requerir\u00e1 de su previo consentimiento<\/td>\n<td width=\"321\">Sus datos ser\u00e1n tratados por terceras empresas que nos ayudan a proporcionar servicios de TI, como proveedores de plataforma, servicios de alojamiento, mantenimiento y soporte en nuestras bases de datos, as\u00ed como en nuestro software y aplicaciones que pueden contener datos sobre Ud.<\/td>\n<\/tr>\n<\/tbody>\n<\/table>\n<table width=\"0\">\n<tbody>\n<tr>\n<td width=\"112\">Derechos<\/td>\n<td width=\"197\">Vd. podr\u00e1 ejercer en cualquier momento sus derechos de acceso, rectificaci\u00f3n, supresi\u00f3n, oposici\u00f3n, limitaci\u00f3n y portabilidad al tratamiento \u00a0de sus datos, as\u00ed como revocar el consentimiento para el tratamiento de sus datos.<\/td>\n<td width=\"319\">Vd. podr\u00e1 ejercer en cualquier momento sus derechos de acceso, rectificaci\u00f3n, supresi\u00f3n, oposici\u00f3n, limitaci\u00f3n al tratamiento y portabilidad de sus datos, as\u00ed como revocar el consentimiento para el tratamiento de sus datos mediante escrito dirigido a <strong>SELFOODS, S.A.U. <\/strong>con C.I.F. A59747428 y con domicilio en \u00a0Calle del Rebato s\/n \u2013 08739, Subirats, Barcelona, o al correo electr\u00f3nico <u>\u00a0<\/u><u>\u00a0selfoods@selfoods.com.<\/u><\/p>\n<p>En cumplimiento del art\u00edculo 80 del RGPD le informamos que tiene derecho a dar mandato a la Autoridad de control espa\u00f1ola para que, en su caso, ejerza en su inter\u00e9s los derechos que le asisten en materia de protecci\u00f3n de datos.<\/td>\n<\/tr>\n<tr>\n<td width=\"112\">Procedencia de los datos<\/td>\n<td width=\"197\">Del propio interesado o de terceros<\/td>\n<td width=\"319\">Los datos que se tratan proceden del propio interesado y\/o de terceros autorizados por \u00e9ste a favor de <strong>SELFOODS.<\/strong><\/p>\n<p>Las categor\u00edas de datos que tratamos son:<\/p>\n<p>\u00b7\u00a0\u00a0\u00a0\u00a0\u00a0\u00a0\u00a0 Datos identificativos.<\/p>\n<p>\u00b7\u00a0\u00a0\u00a0\u00a0\u00a0\u00a0\u00a0 Direcci\u00f3n electr\u00f3nica.<\/td>\n<\/tr>\n<\/tbody>\n<\/table>\n<h4>6.- Transferencia en circunstancias especiales<\/h4>\n<p>Si existe una venta, una fusi\u00f3n, consolidaci\u00f3n, cambio en el control societario, transferencia de activos sustancial, reorganizaci\u00f3n, transformaci\u00f3n o liquidaci\u00f3n del sitio web \u00a0<a href=\"http:\/\/www.selfoods.com\">http:\/\/www.selfoods.com<\/a> del cual es titular actualmente <strong>SELFOODS<\/strong> entonces, a nuestra discreci\u00f3n, podemos transferir, vender o asignar la informaci\u00f3n recabada en este Sitio a una o m\u00e1s partes relevantes adquirentes, comunic\u00e1ndole para ello el cambio de responsable de sus datos.<\/p>\n<h4>7.-Enlaces:<\/h4>\n<p>Por \u00faltimo, aunque <strong>SELFOODS<\/strong> facilita enlaces a p\u00e1ginas Web de terceros, no se hace responsable de los contenidos que se encuentran en dichas p\u00e1ginas Web, en la medida en que son gestionadas por terceros ajenos a <strong>SELFOODS<\/strong>.<\/p>\n<p>Tampoco se hace responsable de los datos personales ni del tratamiento que se realice a trav\u00e9s de las p\u00e1ginas Web mencionadas.<\/p>\n<h4>8.- Cambios en la pol\u00edtica de privacidad:<\/h4>\n<p><strong>SELFOODS<\/strong> se reserva el derecho a modificar la presente pol\u00edtica para adaptarla a novedades legislativas o jurisprudenciales, as\u00ed como a recomendaciones y directrices de la Autoridad de Control pertinente. En dichos supuestos, <strong>SELFOODS<\/strong> le informar\u00e1 debidamente de las actualizaciones y cambios en su pol\u00edtica de privacidad.<\/p>\n<\/div>\n","protected":false},"excerpt":{"rendered":"<p>Previo De conformidad con el Reglamento (UE) 2016\/679 del Parlamento Europeo y del Consejo de 27 de abril de 2016, relativo a la protecci\u00f3n de las personas f\u00edsicas en lo que respecta al tratamiento de datos personales, y normativa que lo desarrolla, en adelante RGPD, y como consecuencia de la navegaci\u00f3n y la cumplimentaci\u00f3n de &hellip; <a href=\"https:\/\/arancahealthy.com\/ca\/politica-de-privacitat\/\" class=\"more-link\">Continue reading<span class=\"screen-reader-text\"> &#8220;Pol\u00edtica de privacitat&#8221;<\/span><\/a><\/p>\n","protected":false},"author":1,"featured_media":0,"parent":0,"menu_order":99,"comment_status":"closed","ping_status":"closed","template":"","meta":{"sfsi_plus_gutenberg_text_before_share":"","sfsi_plus_gutenberg_show_text_before_share":"","sfsi_plus_gutenberg_icon_type":"","sfsi_plus_gutenberg_icon_alignemt":"","sfsi_plus_gutenburg_max_per_row":"","footnotes":""},"class_list":["post-650","page","type-page","status-publish","hentry"],"yoast_head":"<!-- This site is optimized with the Yoast SEO plugin v26.6 - https:\/\/yoast.com\/wordpress\/plugins\/seo\/ -->\n<title>Pol\u00edtica de privacitat - Aranca Healthy<\/title>\n<meta name=\"description\" content=\"SELFOODS le informar\u00e1 siempre sobre qu\u00e9 datos son de obligatoria cumplimentaci\u00f3n y necesarios para el cumplimiento de las finalidades que se detallan.\" \/>\n<meta name=\"robots\" content=\"index, follow, max-snippet:-1, max-image-preview:large, max-video-preview:-1\" \/>\n<link rel=\"canonical\" href=\"https:\/\/arancahealthy.com\/ca\/politica-de-privacitat\/\" \/>\n<meta property=\"og:locale\" content=\"ca_ES\" \/>\n<meta property=\"og:type\" content=\"article\" \/>\n<meta property=\"og:title\" content=\"Pol\u00edtica de privacitat - Aranca Healthy\" \/>\n<meta property=\"og:description\" content=\"SELFOODS le informar\u00e1 siempre sobre qu\u00e9 datos son de obligatoria cumplimentaci\u00f3n y necesarios para el cumplimiento de las finalidades que se detallan.\" \/>\n<meta property=\"og:url\" content=\"https:\/\/arancahealthy.com\/ca\/politica-de-privacitat\/\" \/>\n<meta property=\"og:site_name\" content=\"Aranca Healthy\" \/>\n<meta property=\"article:modified_time\" content=\"2021-02-25T12:37:48+00:00\" \/>\n<meta name=\"twitter:card\" content=\"summary_large_image\" \/>\n<meta name=\"twitter:label1\" content=\"Temps estimat de lectura\" \/>\n\t<meta name=\"twitter:data1\" content=\"9 minuts\" \/>\n<script type=\"application\/ld+json\" class=\"yoast-schema-graph\">{\"@context\":\"https:\/\/schema.org\",\"@graph\":[{\"@type\":\"WebPage\",\"@id\":\"https:\/\/arancahealthy.com\/ca\/politica-de-privacitat\/\",\"url\":\"https:\/\/arancahealthy.com\/ca\/politica-de-privacitat\/\",\"name\":\"Pol\u00edtica de privacitat - Aranca Healthy\",\"isPartOf\":{\"@id\":\"https:\/\/arancahealthy.com\/ca\/#website\"},\"datePublished\":\"2021-01-11T15:06:47+00:00\",\"dateModified\":\"2021-02-25T12:37:48+00:00\",\"description\":\"SELFOODS le informar\u00e1 siempre sobre qu\u00e9 datos son de obligatoria cumplimentaci\u00f3n y necesarios para el cumplimiento de las finalidades que se detallan.\",\"breadcrumb\":{\"@id\":\"https:\/\/arancahealthy.com\/ca\/politica-de-privacitat\/#breadcrumb\"},\"inLanguage\":\"ca\",\"potentialAction\":[{\"@type\":\"ReadAction\",\"target\":[\"https:\/\/arancahealthy.com\/ca\/politica-de-privacitat\/\"]}]},{\"@type\":\"BreadcrumbList\",\"@id\":\"https:\/\/arancahealthy.com\/ca\/politica-de-privacitat\/#breadcrumb\",\"itemListElement\":[{\"@type\":\"ListItem\",\"position\":1,\"name\":\"Portada\",\"item\":\"https:\/\/arancahealthy.com\/ca\/\"},{\"@type\":\"ListItem\",\"position\":2,\"name\":\"Pol\u00edtica de privacitat\"}]},{\"@type\":\"WebSite\",\"@id\":\"https:\/\/arancahealthy.com\/ca\/#website\",\"url\":\"https:\/\/arancahealthy.com\/ca\/\",\"name\":\"Aranca Healthy\",\"description\":\"\",\"publisher\":{\"@id\":\"https:\/\/arancahealthy.com\/ca\/#organization\"},\"potentialAction\":[{\"@type\":\"SearchAction\",\"target\":{\"@type\":\"EntryPoint\",\"urlTemplate\":\"https:\/\/arancahealthy.com\/ca\/?s={search_term_string}\"},\"query-input\":{\"@type\":\"PropertyValueSpecification\",\"valueRequired\":true,\"valueName\":\"search_term_string\"}}],\"inLanguage\":\"ca\"},{\"@type\":\"Organization\",\"@id\":\"https:\/\/arancahealthy.com\/ca\/#organization\",\"name\":\"Aranca Healthy\",\"url\":\"https:\/\/arancahealthy.com\/ca\/\",\"logo\":{\"@type\":\"ImageObject\",\"inLanguage\":\"ca\",\"@id\":\"https:\/\/arancahealthy.com\/ca\/#\/schema\/logo\/image\/\",\"url\":\"https:\/\/arancahealthy.com\/wp-content\/uploads\/2021\/01\/logo.png\",\"contentUrl\":\"https:\/\/arancahealthy.com\/wp-content\/uploads\/2021\/01\/logo.png\",\"width\":196,\"height\":92,\"caption\":\"Aranca Healthy\"},\"image\":{\"@id\":\"https:\/\/arancahealthy.com\/ca\/#\/schema\/logo\/image\/\"}}]}<\/script>\n<!-- \/ Yoast SEO plugin. -->","yoast_head_json":{"title":"Pol\u00edtica de privacitat - Aranca Healthy","description":"SELFOODS le informar\u00e1 siempre sobre qu\u00e9 datos son de obligatoria cumplimentaci\u00f3n y necesarios para el cumplimiento de las finalidades que se detallan.","robots":{"index":"index","follow":"follow","max-snippet":"max-snippet:-1","max-image-preview":"max-image-preview:large","max-video-preview":"max-video-preview:-1"},"canonical":"https:\/\/arancahealthy.com\/ca\/politica-de-privacitat\/","og_locale":"ca_ES","og_type":"article","og_title":"Pol\u00edtica de privacitat - Aranca Healthy","og_description":"SELFOODS le informar\u00e1 siempre sobre qu\u00e9 datos son de obligatoria cumplimentaci\u00f3n y necesarios para el cumplimiento de las finalidades que se detallan.","og_url":"https:\/\/arancahealthy.com\/ca\/politica-de-privacitat\/","og_site_name":"Aranca Healthy","article_modified_time":"2021-02-25T12:37:48+00:00","twitter_card":"summary_large_image","twitter_misc":{"Temps estimat de lectura":"9 minuts"},"schema":{"@context":"https:\/\/schema.org","@graph":[{"@type":"WebPage","@id":"https:\/\/arancahealthy.com\/ca\/politica-de-privacitat\/","url":"https:\/\/arancahealthy.com\/ca\/politica-de-privacitat\/","name":"Pol\u00edtica de privacitat - Aranca Healthy","isPartOf":{"@id":"https:\/\/arancahealthy.com\/ca\/#website"},"datePublished":"2021-01-11T15:06:47+00:00","dateModified":"2021-02-25T12:37:48+00:00","description":"SELFOODS le informar\u00e1 siempre sobre qu\u00e9 datos son de obligatoria cumplimentaci\u00f3n y necesarios para el cumplimiento de las finalidades que se detallan.","breadcrumb":{"@id":"https:\/\/arancahealthy.com\/ca\/politica-de-privacitat\/#breadcrumb"},"inLanguage":"ca","potentialAction":[{"@type":"ReadAction","target":["https:\/\/arancahealthy.com\/ca\/politica-de-privacitat\/"]}]},{"@type":"BreadcrumbList","@id":"https:\/\/arancahealthy.com\/ca\/politica-de-privacitat\/#breadcrumb","itemListElement":[{"@type":"ListItem","position":1,"name":"Portada","item":"https:\/\/arancahealthy.com\/ca\/"},{"@type":"ListItem","position":2,"name":"Pol\u00edtica de privacitat"}]},{"@type":"WebSite","@id":"https:\/\/arancahealthy.com\/ca\/#website","url":"https:\/\/arancahealthy.com\/ca\/","name":"Aranca Healthy","description":"","publisher":{"@id":"https:\/\/arancahealthy.com\/ca\/#organization"},"potentialAction":[{"@type":"SearchAction","target":{"@type":"EntryPoint","urlTemplate":"https:\/\/arancahealthy.com\/ca\/?s={search_term_string}"},"query-input":{"@type":"PropertyValueSpecification","valueRequired":true,"valueName":"search_term_string"}}],"inLanguage":"ca"},{"@type":"Organization","@id":"https:\/\/arancahealthy.com\/ca\/#organization","name":"Aranca Healthy","url":"https:\/\/arancahealthy.com\/ca\/","logo":{"@type":"ImageObject","inLanguage":"ca","@id":"https:\/\/arancahealthy.com\/ca\/#\/schema\/logo\/image\/","url":"https:\/\/arancahealthy.com\/wp-content\/uploads\/2021\/01\/logo.png","contentUrl":"https:\/\/arancahealthy.com\/wp-content\/uploads\/2021\/01\/logo.png","width":196,"height":92,"caption":"Aranca Healthy"},"image":{"@id":"https:\/\/arancahealthy.com\/ca\/#\/schema\/logo\/image\/"}}]}},"_links":{"self":[{"href":"https:\/\/arancahealthy.com\/ca\/wp-json\/wp\/v2\/pages\/650","targetHints":{"allow":["GET"]}}],"collection":[{"href":"https:\/\/arancahealthy.com\/ca\/wp-json\/wp\/v2\/pages"}],"about":[{"href":"https:\/\/arancahealthy.com\/ca\/wp-json\/wp\/v2\/types\/page"}],"author":[{"embeddable":true,"href":"https:\/\/arancahealthy.com\/ca\/wp-json\/wp\/v2\/users\/1"}],"replies":[{"embeddable":true,"href":"https:\/\/arancahealthy.com\/ca\/wp-json\/wp\/v2\/comments?post=650"}],"version-history":[{"count":1,"href":"https:\/\/arancahealthy.com\/ca\/wp-json\/wp\/v2\/pages\/650\/revisions"}],"predecessor-version":[{"id":653,"href":"https:\/\/arancahealthy.com\/ca\/wp-json\/wp\/v2\/pages\/650\/revisions\/653"}],"wp:attachment":[{"href":"https:\/\/arancahealthy.com\/ca\/wp-json\/wp\/v2\/media?parent=650"}],"curies":[{"name":"wp","href":"https:\/\/api.w.org\/{rel}","templated":true}]}}