{"id":651,"date":"2021-01-11T16:04:50","date_gmt":"2021-01-11T15:04:50","guid":{"rendered":"https:\/\/arancahealthy.com\/aviso-legal\/"},"modified":"2021-02-25T13:38:23","modified_gmt":"2021-02-25T12:38:23","slug":"avis-legal","status":"publish","type":"page","link":"https:\/\/arancahealthy.com\/ca\/avis-legal\/","title":{"rendered":"Av\u00eds legal"},"content":{"rendered":"<p><strong>Informaci\u00f3n Corporativa:<\/strong><br \/>\nEn virtud de la Ley 34\/2002, de Servicios de la Sociedad de la Informaci\u00f3n y Comercio<br \/>\nElectr\u00f3nico, informamos que la presente Web es propiedad de SELFOODS, S.A.U.<br \/>\ncon C.I.F. A59747428 y con domicilio sito en Calle del Rebato s\/n \u2013 08739, Subirats, Barcelona<br \/>\ny direcci\u00f3n de correo electr\u00f3nico\u00a0<a href=\"mailto:selfoods@selfoods.com\">selfoods@selfoods.com<\/a>. Inscrita en el Registro Mercantil<br \/>\nde Barcelona con\u00a0<span lang=\"CA\">Tomo 21045, Folio 196, Hoja B-15599, Inscripci\u00f3n.1\u00aa.<\/span><\/p>\n<p><strong>Protecci\u00f3n de Contenidos:<\/strong><br \/>\nTodo el contenido de la presente p\u00e1gina Web, incluidos los textos, marcas, signos<br \/>\ndistintivos logos, im\u00e1genes, gr\u00e1ficos y dise\u00f1os, son propiedad de SELFOODS, S.A.U. y est\u00e1n<br \/>\nprotegidos por la legislaci\u00f3n vigente en materia de Propiedad Intelectual. En ning\u00fan caso el<br \/>\nacceso al portal por parte del usuario le otorga derecho sobre dicho contenido, ni siquiera<br \/>\npara su mera reproducci\u00f3n para uso personal.<\/p>\n","protected":false},"excerpt":{"rendered":"<p>Informaci\u00f3n Corporativa: En virtud de la Ley 34\/2002, de Servicios de la Sociedad de la Informaci\u00f3n y Comercio Electr\u00f3nico, informamos que la presente Web es propiedad de SELFOODS, S.A.U. con C.I.F. A59747428 y con domicilio sito en Calle del Rebato s\/n \u2013 08739, Subirats, Barcelona y direcci\u00f3n de correo electr\u00f3nico\u00a0selfoods@selfoods.com. Inscrita en el Registro Mercantil &hellip; <a href=\"https:\/\/arancahealthy.com\/ca\/avis-legal\/\" class=\"more-link\">Continue reading<span class=\"screen-reader-text\"> &#8220;Av\u00eds legal&#8221;<\/span><\/a><\/p>\n","protected":false},"author":1,"featured_media":0,"parent":0,"menu_order":99,"comment_status":"closed","ping_status":"closed","template":"","meta":{"sfsi_plus_gutenberg_text_before_share":"","sfsi_plus_gutenberg_show_text_before_share":"","sfsi_plus_gutenberg_icon_type":"","sfsi_plus_gutenberg_icon_alignemt":"","sfsi_plus_gutenburg_max_per_row":"","footnotes":""},"class_list":["post-651","page","type-page","status-publish","hentry"],"yoast_head":"<!-- This site is optimized with the Yoast SEO plugin v26.6 - https:\/\/yoast.com\/wordpress\/plugins\/seo\/ -->\n<title>Av\u00eds legal - Aranca Healthy<\/title>\n<meta name=\"description\" content=\"Todo el contenido de la presente p\u00e1gina Web es propiedad de SELFOODS, S.A.U. y est\u00e1n protegidos por la legislaci\u00f3n vigente en materia de Propiedad Intelectual.\" \/>\n<meta name=\"robots\" content=\"index, follow, max-snippet:-1, max-image-preview:large, max-video-preview:-1\" \/>\n<link rel=\"canonical\" href=\"https:\/\/arancahealthy.com\/ca\/avis-legal\/\" \/>\n<meta property=\"og:locale\" content=\"ca_ES\" \/>\n<meta property=\"og:type\" content=\"article\" \/>\n<meta property=\"og:title\" content=\"Av\u00eds legal - Aranca Healthy\" \/>\n<meta property=\"og:description\" content=\"Todo el contenido de la presente p\u00e1gina Web es propiedad de SELFOODS, S.A.U. y est\u00e1n protegidos por la legislaci\u00f3n vigente en materia de Propiedad Intelectual.\" \/>\n<meta property=\"og:url\" content=\"https:\/\/arancahealthy.com\/ca\/avis-legal\/\" \/>\n<meta property=\"og:site_name\" content=\"Aranca Healthy\" \/>\n<meta property=\"article:modified_time\" content=\"2021-02-25T12:38:23+00:00\" \/>\n<meta name=\"twitter:card\" content=\"summary_large_image\" \/>\n<meta name=\"twitter:label1\" content=\"Temps estimat de lectura\" \/>\n\t<meta name=\"twitter:data1\" content=\"1 minut\" \/>\n<script type=\"application\/ld+json\" class=\"yoast-schema-graph\">{\"@context\":\"https:\/\/schema.org\",\"@graph\":[{\"@type\":\"WebPage\",\"@id\":\"https:\/\/arancahealthy.com\/ca\/avis-legal\/\",\"url\":\"https:\/\/arancahealthy.com\/ca\/avis-legal\/\",\"name\":\"Av\u00eds legal - Aranca Healthy\",\"isPartOf\":{\"@id\":\"https:\/\/arancahealthy.com\/ca\/#website\"},\"datePublished\":\"2021-01-11T15:04:50+00:00\",\"dateModified\":\"2021-02-25T12:38:23+00:00\",\"description\":\"Todo el contenido de la presente p\u00e1gina Web es propiedad de SELFOODS, S.A.U. y est\u00e1n protegidos por la legislaci\u00f3n vigente en materia de Propiedad Intelectual.\",\"breadcrumb\":{\"@id\":\"https:\/\/arancahealthy.com\/ca\/avis-legal\/#breadcrumb\"},\"inLanguage\":\"ca\",\"potentialAction\":[{\"@type\":\"ReadAction\",\"target\":[\"https:\/\/arancahealthy.com\/ca\/avis-legal\/\"]}]},{\"@type\":\"BreadcrumbList\",\"@id\":\"https:\/\/arancahealthy.com\/ca\/avis-legal\/#breadcrumb\",\"itemListElement\":[{\"@type\":\"ListItem\",\"position\":1,\"name\":\"Portada\",\"item\":\"https:\/\/arancahealthy.com\/ca\/\"},{\"@type\":\"ListItem\",\"position\":2,\"name\":\"Av\u00eds legal\"}]},{\"@type\":\"WebSite\",\"@id\":\"https:\/\/arancahealthy.com\/ca\/#website\",\"url\":\"https:\/\/arancahealthy.com\/ca\/\",\"name\":\"Aranca Healthy\",\"description\":\"\",\"publisher\":{\"@id\":\"https:\/\/arancahealthy.com\/ca\/#organization\"},\"potentialAction\":[{\"@type\":\"SearchAction\",\"target\":{\"@type\":\"EntryPoint\",\"urlTemplate\":\"https:\/\/arancahealthy.com\/ca\/?s={search_term_string}\"},\"query-input\":{\"@type\":\"PropertyValueSpecification\",\"valueRequired\":true,\"valueName\":\"search_term_string\"}}],\"inLanguage\":\"ca\"},{\"@type\":\"Organization\",\"@id\":\"https:\/\/arancahealthy.com\/ca\/#organization\",\"name\":\"Aranca Healthy\",\"url\":\"https:\/\/arancahealthy.com\/ca\/\",\"logo\":{\"@type\":\"ImageObject\",\"inLanguage\":\"ca\",\"@id\":\"https:\/\/arancahealthy.com\/ca\/#\/schema\/logo\/image\/\",\"url\":\"https:\/\/arancahealthy.com\/wp-content\/uploads\/2021\/01\/logo.png\",\"contentUrl\":\"https:\/\/arancahealthy.com\/wp-content\/uploads\/2021\/01\/logo.png\",\"width\":196,\"height\":92,\"caption\":\"Aranca Healthy\"},\"image\":{\"@id\":\"https:\/\/arancahealthy.com\/ca\/#\/schema\/logo\/image\/\"}}]}<\/script>\n<!-- \/ Yoast SEO plugin. -->","yoast_head_json":{"title":"Av\u00eds legal - Aranca Healthy","description":"Todo el contenido de la presente p\u00e1gina Web es propiedad de SELFOODS, S.A.U. y est\u00e1n protegidos por la legislaci\u00f3n vigente en materia de Propiedad Intelectual.","robots":{"index":"index","follow":"follow","max-snippet":"max-snippet:-1","max-image-preview":"max-image-preview:large","max-video-preview":"max-video-preview:-1"},"canonical":"https:\/\/arancahealthy.com\/ca\/avis-legal\/","og_locale":"ca_ES","og_type":"article","og_title":"Av\u00eds legal - Aranca Healthy","og_description":"Todo el contenido de la presente p\u00e1gina Web es propiedad de SELFOODS, S.A.U. y est\u00e1n protegidos por la legislaci\u00f3n vigente en materia de Propiedad Intelectual.","og_url":"https:\/\/arancahealthy.com\/ca\/avis-legal\/","og_site_name":"Aranca Healthy","article_modified_time":"2021-02-25T12:38:23+00:00","twitter_card":"summary_large_image","twitter_misc":{"Temps estimat de lectura":"1 minut"},"schema":{"@context":"https:\/\/schema.org","@graph":[{"@type":"WebPage","@id":"https:\/\/arancahealthy.com\/ca\/avis-legal\/","url":"https:\/\/arancahealthy.com\/ca\/avis-legal\/","name":"Av\u00eds legal - Aranca Healthy","isPartOf":{"@id":"https:\/\/arancahealthy.com\/ca\/#website"},"datePublished":"2021-01-11T15:04:50+00:00","dateModified":"2021-02-25T12:38:23+00:00","description":"Todo el contenido de la presente p\u00e1gina Web es propiedad de SELFOODS, S.A.U. y est\u00e1n protegidos por la legislaci\u00f3n vigente en materia de Propiedad Intelectual.","breadcrumb":{"@id":"https:\/\/arancahealthy.com\/ca\/avis-legal\/#breadcrumb"},"inLanguage":"ca","potentialAction":[{"@type":"ReadAction","target":["https:\/\/arancahealthy.com\/ca\/avis-legal\/"]}]},{"@type":"BreadcrumbList","@id":"https:\/\/arancahealthy.com\/ca\/avis-legal\/#breadcrumb","itemListElement":[{"@type":"ListItem","position":1,"name":"Portada","item":"https:\/\/arancahealthy.com\/ca\/"},{"@type":"ListItem","position":2,"name":"Av\u00eds legal"}]},{"@type":"WebSite","@id":"https:\/\/arancahealthy.com\/ca\/#website","url":"https:\/\/arancahealthy.com\/ca\/","name":"Aranca Healthy","description":"","publisher":{"@id":"https:\/\/arancahealthy.com\/ca\/#organization"},"potentialAction":[{"@type":"SearchAction","target":{"@type":"EntryPoint","urlTemplate":"https:\/\/arancahealthy.com\/ca\/?s={search_term_string}"},"query-input":{"@type":"PropertyValueSpecification","valueRequired":true,"valueName":"search_term_string"}}],"inLanguage":"ca"},{"@type":"Organization","@id":"https:\/\/arancahealthy.com\/ca\/#organization","name":"Aranca Healthy","url":"https:\/\/arancahealthy.com\/ca\/","logo":{"@type":"ImageObject","inLanguage":"ca","@id":"https:\/\/arancahealthy.com\/ca\/#\/schema\/logo\/image\/","url":"https:\/\/arancahealthy.com\/wp-content\/uploads\/2021\/01\/logo.png","contentUrl":"https:\/\/arancahealthy.com\/wp-content\/uploads\/2021\/01\/logo.png","width":196,"height":92,"caption":"Aranca Healthy"},"image":{"@id":"https:\/\/arancahealthy.com\/ca\/#\/schema\/logo\/image\/"}}]}},"_links":{"self":[{"href":"https:\/\/arancahealthy.com\/ca\/wp-json\/wp\/v2\/pages\/651","targetHints":{"allow":["GET"]}}],"collection":[{"href":"https:\/\/arancahealthy.com\/ca\/wp-json\/wp\/v2\/pages"}],"about":[{"href":"https:\/\/arancahealthy.com\/ca\/wp-json\/wp\/v2\/types\/page"}],"author":[{"embeddable":true,"href":"https:\/\/arancahealthy.com\/ca\/wp-json\/wp\/v2\/users\/1"}],"replies":[{"embeddable":true,"href":"https:\/\/arancahealthy.com\/ca\/wp-json\/wp\/v2\/comments?post=651"}],"version-history":[{"count":2,"href":"https:\/\/arancahealthy.com\/ca\/wp-json\/wp\/v2\/pages\/651\/revisions"}],"predecessor-version":[{"id":655,"href":"https:\/\/arancahealthy.com\/ca\/wp-json\/wp\/v2\/pages\/651\/revisions\/655"}],"wp:attachment":[{"href":"https:\/\/arancahealthy.com\/ca\/wp-json\/wp\/v2\/media?parent=651"}],"curies":[{"name":"wp","href":"https:\/\/api.w.org\/{rel}","templated":true}]}}